{"id":3981,"date":"2022-05-10T10:28:39","date_gmt":"2022-05-10T08:28:39","guid":{"rendered":"https:\/\/www.kieneck.at\/?page_id=3981"},"modified":"2025-01-17T19:04:34","modified_gmt":"2025-01-17T18:04:34","slug":"impressum","status":"publish","type":"page","link":"https:\/\/www.kieneck.at\/en\/impressum\/","title":{"rendered":"Impressum"},"content":{"rendered":"<h2 class=\"fusion-responsive-typography-calculated wp-block-heading\" data-fontsize=\"60\" data-lineheight=\"64.2px\">IMPRESSUM<\/h2>\r\n<p>Informationspflicht laut \u00a7\u00a05\u00a0E-Commerce-Gesetz, \u00a7\u00a063\u00a0Gewerbeordnung; Offenlegungspflicht laut \u00a7\u00a025\u00a0Mediengesetz und Offenlegung gem\u00e4\u00df der Verordnung \u00fcber Online-Streitbeilegung in Verbraucherangelegenheiten:<\/p>\r\n<p><strong>Enzianh\u00fctte Kieneck<\/strong><\/p>\r\n<p><strong>P\u00e4chter:\u00a0<\/strong>Simon Reiter, Stefanie Rysavi<\/p>\r\n<p>Thal 31<br \/>2763 Muggendorf<br \/>\u00d6sterreich<\/p>\r\n<p>Telefon: +43(0)676\/7829081<br \/>E-Mail: <a href=\"mailto:enzianhuette@kieneck.at\">enzianhuette@kieneck.at<\/a><\/p>\r\n<p>Firmenbuchnummer: FN 485445 s<br \/>UID: ATU73054918<\/p>\r\n<p><strong>Eigent\u00fcmer:\u00a0<\/strong><\/p>\r\n<p>Sektion Enzian<br \/>Maierhof 101, A-2564 Furth<br \/>Tel.: 0664 4647062<br \/><a title=\"willibald.gruber@kieneck.at\" href=\"https:\/\/www.alpenverein.at\/enzianhuettekieneck\/?msclkid=c5d5266bd03811ec9439d00ec17283a6#wEmpty\">willibald.gruber@kieneck.at<\/a><br \/><a href=\"http:\/\/www.alpenverein.at\/enzian\" target=\"_blank\" rel=\"noopener\">www.alpenverein.at\/enzian<\/a><\/p>\r\n<p>Mediengesetz (<a href=\"https:\/\/www.ris.bka.gv.at\/GeltendeFassung.wxe?Abfrage=Bundesnormen&amp;Gesetzesnummer=10000719&amp;ShowPrintPreview=True\">www.ris.bka.gv.at<\/a>); Unternehmensgesetzbuch (<a href=\"https:\/\/www.ris.bka.gv.at\/GeltendeFassung.wxe?Abfrage=Bundesnormen&amp;Gesetzesnummer=10001702\">www.ris.bka.gv.at<\/a>).<\/p>\r\n<p>Die Europ\u00e4ische Kommission stellt Verbrauchern eine Plattform zur Online-Streitbeilegung (OS) zur Verf\u00fcgung, die Sie unter\u00a0<a href=\"http:\/\/ec.europa.eu\/consumers\/odr\/\">http:\/\/ec.europa.eu\/consumers\/odr\/<\/a>\u00a0finden.<\/p>\r\n<p>Sie k\u00f6nnen Ihre Beschwerden auch direkt bei uns einbringen: enzianhuette@kieneck.at<\/p>\r\n<p>Zur Teilnahme an einem Streitbeilegungsverfahren vor einer Verbraucherschlichtungsstelle sind wir nicht verpflichtet und nicht bereit.<\/p>\r\n<h2 class=\"fusion-responsive-typography-calculated\" data-fontsize=\"60\" data-lineheight=\"64.2px\">HAFTUNG F\u00dcR INHALTE DIESER WEBSEITE<\/h2>\r\n<p>Wir entwickeln die Inhalte dieser Webseite st\u00e4ndig weiter und bem\u00fchen uns korrekte und aktuelle Informationen bereitzustellen. Leider k\u00f6nnen wir keine Haftung f\u00fcr die Korrektheit aller Inhalte auf dieser Webseite \u00fcbernehmen, speziell f\u00fcr jene die seitens Dritter bereitgestellt wurden.<\/p>\r\n<p>Sollten Ihnen problematische oder rechtswidrige Inhalte auffallen, bitte wir Sie uns umgehend zu kontaktieren, Sie finden die Kontaktdaten im Impressum.<\/p>\r\n<h2 class=\"fusion-responsive-typography-calculated\" data-fontsize=\"60\" data-lineheight=\"64.2px\">HAFTUNG F\u00dcR LINKS AUF DIESER WEBSEITE<\/h2>\r\n<p>Unsere Webseite enth\u00e4lt Links zu anderen Webseiten f\u00fcr deren Inhalt wir nicht verantwortlich sind. Haftung f\u00fcr verlinkte Websites besteht laut\u00a0<a href=\"https:\/\/www.ris.bka.gv.at\/Dokument.wxe?Abfrage=Bundesnormen&amp;Dokumentnummer=NOR40025813&amp;tid=221083346\" target=\"_blank\" rel=\"noreferrer noopener\">\u00a7 17 ECG<\/a>\u00a0f\u00fcr uns nicht, da wir keine Kenntnis rechtswidriger T\u00e4tigkeiten hatten und haben, uns solche Rechtswidrigkeiten auch bisher nicht aufgefallen sind und wir Links sofort entfernen w\u00fcrden, wenn uns Rechtswidrigkeiten bekannt werden.<\/p>\r\n<p>Wenn Ihnen rechtswidrige Links auf unserer Website auffallen, bitte wir Sie uns zu kontaktieren, Sie finden die Kontaktdaten im Impressum.<\/p>\r\n<h2 class=\"fusion-responsive-typography-calculated\" data-fontsize=\"60\" data-lineheight=\"64.2px\">URHEBERRECHTSHINWEIS<\/h2>\r\n<p>Alle Inhalte dieser Webseite (Bilder, Fotos, Texte, Videos) unterliegen dem Urheberrecht. Falls notwendig, werden wir die unerlaubte Nutzung von Teilen der Inhalte unserer Seite rechtlich verfolgen.<\/p>\r\n<h2 class=\"fusion-responsive-typography-calculated\" data-fontsize=\"60\" data-lineheight=\"64.2px\">BILDERNACHWEIS<\/h2>\r\n<p>Die Bilder, Fotos und Grafiken auf dieser Webseite sind urheberrechtlich gesch\u00fctzt.<\/p>","protected":false},"excerpt":{"rendered":"<p>IMPRESSUM Informationspflicht laut \u00a7\u00a05\u00a0E-Commerce-Gesetz, \u00a7\u00a063\u00a0Gewerbeordnung; Offenlegungspflicht laut \u00a7\u00a025\u00a0Mediengesetz und Offenlegung  [&#8230;]<\/p>\n","protected":false},"author":1,"featured_media":0,"parent":0,"menu_order":0,"comment_status":"closed","ping_status":"closed","template":"","meta":{"footnotes":""},"class_list":["post-3981","page","type-page","status-publish","hentry"],"yoast_head":"<!-- This site is optimized with the Yoast SEO plugin v27.4 - https:\/\/yoast.com\/product\/yoast-seo-wordpress\/ -->\n<title>Impressum - Kieneck<\/title>\n<meta name=\"description\" content=\"Seit 2017 bewirtschaften Steffi und Simon die Enzianh\u00fctte am Kieneck auf 1107m Seeh\u00f6he. Unser Ziel ist es, Wanderer und Besucher mit regionalen und saisonalen Schmankerln zu verw\u00f6hnen. Was wir k\u00f6nnen bauen wir selber im Garten an, produzierenselbstgemachte Ansatzschn\u00e4pse, kochen Marmeladen ein, versuchen uns an Speck. Pesto, Chutneys und S\u00e4ften und haben Spass daran uns immer wieder neue Gaumenfreuden zu \u00fcberlegen.\" \/>\n<meta name=\"robots\" content=\"index, follow, max-snippet:-1, max-image-preview:large, max-video-preview:-1\" \/>\n<link rel=\"canonical\" href=\"https:\/\/www.kieneck.at\/en\/impressum\/\" \/>\n<meta property=\"og:locale\" content=\"en_US\" \/>\n<meta property=\"og:type\" content=\"article\" \/>\n<meta property=\"og:title\" content=\"Impressum - Kieneck\" \/>\n<meta property=\"og:description\" content=\"Seit 2017 bewirtschaften Steffi und Simon die Enzianh\u00fctte am Kieneck auf 1107m Seeh\u00f6he. Unser Ziel ist es, Wanderer und Besucher mit regionalen und saisonalen Schmankerln zu verw\u00f6hnen. Was wir k\u00f6nnen bauen wir selber im Garten an, produzierenselbstgemachte Ansatzschn\u00e4pse, kochen Marmeladen ein, versuchen uns an Speck. Pesto, Chutneys und S\u00e4ften und haben Spass daran uns immer wieder neue Gaumenfreuden zu \u00fcberlegen.\" \/>\n<meta property=\"og:url\" content=\"https:\/\/www.kieneck.at\/en\/impressum\/\" \/>\n<meta property=\"og:site_name\" content=\"Kieneck\" \/>\n<meta property=\"article:publisher\" content=\"https:\/\/www.facebook.com\/enzianhuette\" \/>\n<meta property=\"article:modified_time\" content=\"2025-01-17T18:04:34+00:00\" \/>\n<meta name=\"twitter:card\" content=\"summary_large_image\" \/>\n<meta name=\"twitter:label1\" content=\"Est. reading time\" \/>\n\t<meta name=\"twitter:data1\" content=\"2 minutes\" \/>\n<script type=\"application\/ld+json\" class=\"yoast-schema-graph\">{\"@context\":\"https:\\\/\\\/schema.org\",\"@graph\":[{\"@type\":\"WebPage\",\"@id\":\"https:\\\/\\\/www.kieneck.at\\\/impressum\\\/\",\"url\":\"https:\\\/\\\/www.kieneck.at\\\/impressum\\\/\",\"name\":\"Impressum - Kieneck\",\"isPartOf\":{\"@id\":\"https:\\\/\\\/www.kieneck.at\\\/#website\"},\"datePublished\":\"2022-05-10T08:28:39+00:00\",\"dateModified\":\"2025-01-17T18:04:34+00:00\",\"description\":\"Seit 2017 bewirtschaften Steffi und Simon die Enzianh\u00fctte am Kieneck auf 1107m Seeh\u00f6he. Unser Ziel ist es, Wanderer und Besucher mit regionalen und saisonalen Schmankerln zu verw\u00f6hnen. Was wir k\u00f6nnen bauen wir selber im Garten an, produzierenselbstgemachte Ansatzschn\u00e4pse, kochen Marmeladen ein, versuchen uns an Speck. Pesto, Chutneys und S\u00e4ften und haben Spass daran uns immer wieder neue Gaumenfreuden zu \u00fcberlegen.\",\"breadcrumb\":{\"@id\":\"https:\\\/\\\/www.kieneck.at\\\/impressum\\\/#breadcrumb\"},\"inLanguage\":\"en-US\",\"potentialAction\":[{\"@type\":\"ReadAction\",\"target\":[\"https:\\\/\\\/www.kieneck.at\\\/impressum\\\/\"]}]},{\"@type\":\"BreadcrumbList\",\"@id\":\"https:\\\/\\\/www.kieneck.at\\\/impressum\\\/#breadcrumb\",\"itemListElement\":[{\"@type\":\"ListItem\",\"position\":1,\"name\":\"Startseite\",\"item\":\"https:\\\/\\\/www.kieneck.at\\\/\"},{\"@type\":\"ListItem\",\"position\":2,\"name\":\"Impressum\"}]},{\"@type\":\"WebSite\",\"@id\":\"https:\\\/\\\/www.kieneck.at\\\/#website\",\"url\":\"https:\\\/\\\/www.kieneck.at\\\/\",\"name\":\"Enzianh\u00fctte Kieneck\",\"description\":\"Auf 1107 m in den Wiener Alpen gelegen erreicht man uns auf 11 Wegen aus 3 Bezirken.\",\"publisher\":{\"@id\":\"https:\\\/\\\/www.kieneck.at\\\/#organization\"},\"potentialAction\":[{\"@type\":\"SearchAction\",\"target\":{\"@type\":\"EntryPoint\",\"urlTemplate\":\"https:\\\/\\\/www.kieneck.at\\\/?s={search_term_string}\"},\"query-input\":{\"@type\":\"PropertyValueSpecification\",\"valueRequired\":true,\"valueName\":\"search_term_string\"}}],\"inLanguage\":\"en-US\"},{\"@type\":\"Organization\",\"@id\":\"https:\\\/\\\/www.kieneck.at\\\/#organization\",\"name\":\"Einzianh\u00fctte Kieneck\",\"url\":\"https:\\\/\\\/www.kieneck.at\\\/\",\"logo\":{\"@type\":\"ImageObject\",\"inLanguage\":\"en-US\",\"@id\":\"https:\\\/\\\/www.kieneck.at\\\/#\\\/schema\\\/logo\\\/image\\\/\",\"url\":\"https:\\\/\\\/www.kieneck.at\\\/wp-content\\\/uploads\\\/2022\\\/05\\\/Enzianhuette-Logo.png\",\"contentUrl\":\"https:\\\/\\\/www.kieneck.at\\\/wp-content\\\/uploads\\\/2022\\\/05\\\/Enzianhuette-Logo.png\",\"width\":448,\"height\":387,\"caption\":\"Einzianh\u00fctte Kieneck\"},\"image\":{\"@id\":\"https:\\\/\\\/www.kieneck.at\\\/#\\\/schema\\\/logo\\\/image\\\/\"},\"sameAs\":[\"https:\\\/\\\/www.facebook.com\\\/enzianhuette\"]}]}<\/script>\n<!-- \/ Yoast SEO plugin. -->","yoast_head_json":{"title":"Impressum - Kieneck","description":"Seit 2017 bewirtschaften Steffi und Simon die Enzianh\u00fctte am Kieneck auf 1107m Seeh\u00f6he. Unser Ziel ist es, Wanderer und Besucher mit regionalen und saisonalen Schmankerln zu verw\u00f6hnen. Was wir k\u00f6nnen bauen wir selber im Garten an, produzierenselbstgemachte Ansatzschn\u00e4pse, kochen Marmeladen ein, versuchen uns an Speck. Pesto, Chutneys und S\u00e4ften und haben Spass daran uns immer wieder neue Gaumenfreuden zu \u00fcberlegen.","robots":{"index":"index","follow":"follow","max-snippet":"max-snippet:-1","max-image-preview":"max-image-preview:large","max-video-preview":"max-video-preview:-1"},"canonical":"https:\/\/www.kieneck.at\/en\/impressum\/","og_locale":"en_US","og_type":"article","og_title":"Impressum - Kieneck","og_description":"Seit 2017 bewirtschaften Steffi und Simon die Enzianh\u00fctte am Kieneck auf 1107m Seeh\u00f6he. Unser Ziel ist es, Wanderer und Besucher mit regionalen und saisonalen Schmankerln zu verw\u00f6hnen. Was wir k\u00f6nnen bauen wir selber im Garten an, produzierenselbstgemachte Ansatzschn\u00e4pse, kochen Marmeladen ein, versuchen uns an Speck. Pesto, Chutneys und S\u00e4ften und haben Spass daran uns immer wieder neue Gaumenfreuden zu \u00fcberlegen.","og_url":"https:\/\/www.kieneck.at\/en\/impressum\/","og_site_name":"Kieneck","article_publisher":"https:\/\/www.facebook.com\/enzianhuette","article_modified_time":"2025-01-17T18:04:34+00:00","twitter_card":"summary_large_image","twitter_misc":{"Est. reading time":"2 minutes"},"schema":{"@context":"https:\/\/schema.org","@graph":[{"@type":"WebPage","@id":"https:\/\/www.kieneck.at\/impressum\/","url":"https:\/\/www.kieneck.at\/impressum\/","name":"Impressum - Kieneck","isPartOf":{"@id":"https:\/\/www.kieneck.at\/#website"},"datePublished":"2022-05-10T08:28:39+00:00","dateModified":"2025-01-17T18:04:34+00:00","description":"Seit 2017 bewirtschaften Steffi und Simon die Enzianh\u00fctte am Kieneck auf 1107m Seeh\u00f6he. Unser Ziel ist es, Wanderer und Besucher mit regionalen und saisonalen Schmankerln zu verw\u00f6hnen. Was wir k\u00f6nnen bauen wir selber im Garten an, produzierenselbstgemachte Ansatzschn\u00e4pse, kochen Marmeladen ein, versuchen uns an Speck. Pesto, Chutneys und S\u00e4ften und haben Spass daran uns immer wieder neue Gaumenfreuden zu \u00fcberlegen.","breadcrumb":{"@id":"https:\/\/www.kieneck.at\/impressum\/#breadcrumb"},"inLanguage":"en-US","potentialAction":[{"@type":"ReadAction","target":["https:\/\/www.kieneck.at\/impressum\/"]}]},{"@type":"BreadcrumbList","@id":"https:\/\/www.kieneck.at\/impressum\/#breadcrumb","itemListElement":[{"@type":"ListItem","position":1,"name":"Startseite","item":"https:\/\/www.kieneck.at\/"},{"@type":"ListItem","position":2,"name":"Impressum"}]},{"@type":"WebSite","@id":"https:\/\/www.kieneck.at\/#website","url":"https:\/\/www.kieneck.at\/","name":"Enzianh\u00fctte Kieneck","description":"Auf 1107 m in den Wiener Alpen gelegen erreicht man uns auf 11 Wegen aus 3 Bezirken.","publisher":{"@id":"https:\/\/www.kieneck.at\/#organization"},"potentialAction":[{"@type":"SearchAction","target":{"@type":"EntryPoint","urlTemplate":"https:\/\/www.kieneck.at\/?s={search_term_string}"},"query-input":{"@type":"PropertyValueSpecification","valueRequired":true,"valueName":"search_term_string"}}],"inLanguage":"en-US"},{"@type":"Organization","@id":"https:\/\/www.kieneck.at\/#organization","name":"Einzianh\u00fctte Kieneck","url":"https:\/\/www.kieneck.at\/","logo":{"@type":"ImageObject","inLanguage":"en-US","@id":"https:\/\/www.kieneck.at\/#\/schema\/logo\/image\/","url":"https:\/\/www.kieneck.at\/wp-content\/uploads\/2022\/05\/Enzianhuette-Logo.png","contentUrl":"https:\/\/www.kieneck.at\/wp-content\/uploads\/2022\/05\/Enzianhuette-Logo.png","width":448,"height":387,"caption":"Einzianh\u00fctte Kieneck"},"image":{"@id":"https:\/\/www.kieneck.at\/#\/schema\/logo\/image\/"},"sameAs":["https:\/\/www.facebook.com\/enzianhuette"]}]}},"_links":{"self":[{"href":"https:\/\/www.kieneck.at\/en\/wp-json\/wp\/v2\/pages\/3981","targetHints":{"allow":["GET"]}}],"collection":[{"href":"https:\/\/www.kieneck.at\/en\/wp-json\/wp\/v2\/pages"}],"about":[{"href":"https:\/\/www.kieneck.at\/en\/wp-json\/wp\/v2\/types\/page"}],"author":[{"embeddable":true,"href":"https:\/\/www.kieneck.at\/en\/wp-json\/wp\/v2\/users\/1"}],"replies":[{"embeddable":true,"href":"https:\/\/www.kieneck.at\/en\/wp-json\/wp\/v2\/comments?post=3981"}],"version-history":[{"count":7,"href":"https:\/\/www.kieneck.at\/en\/wp-json\/wp\/v2\/pages\/3981\/revisions"}],"predecessor-version":[{"id":4275,"href":"https:\/\/www.kieneck.at\/en\/wp-json\/wp\/v2\/pages\/3981\/revisions\/4275"}],"wp:attachment":[{"href":"https:\/\/www.kieneck.at\/en\/wp-json\/wp\/v2\/media?parent=3981"}],"curies":[{"name":"wp","href":"https:\/\/api.w.org\/{rel}","templated":true}]}}